{"id":10918,"date":"2023-11-02T18:35:51","date_gmt":"2023-11-02T18:35:51","guid":{"rendered":"https:\/\/maisonsamanthavince.com\/faq\/"},"modified":"2025-01-22T01:27:12","modified_gmt":"2025-01-22T01:27:12","slug":"faq","status":"publish","type":"page","link":"https:\/\/maisonsamanthavince.com\/fr\/faq\/","title":{"rendered":"FAQ"},"content":{"rendered":"\t\t<div data-elementor-type=\"wp-page\" data-elementor-id=\"10918\" class=\"elementor elementor-10918 elementor-9725\" data-elementor-post-type=\"page\">\n\t\t\t\t\t\t<section class=\"elementor-section elementor-top-section elementor-element elementor-element-0dc9bba elementor-section-boxed elementor-section-height-default elementor-section-height-default\" data-id=\"0dc9bba\" data-element_type=\"section\" data-e-type=\"section\">\n\t\t\t\t\t\t<div class=\"elementor-container elementor-column-gap-extended\">\n\t\t\t\t\t<div class=\"elementor-column elementor-col-50 elementor-top-column elementor-element elementor-element-3f7f979\" data-id=\"3f7f979\" data-element_type=\"column\" data-e-type=\"column\">\n\t\t\t<div class=\"elementor-widget-wrap elementor-element-populated\">\n\t\t\t\t\t\t<div class=\"elementor-element elementor-element-3921fc1 elementor-widget__width-auto elementor-widget elementor-widget-hub_fancy_heading\" data-id=\"3921fc1\" data-element_type=\"widget\" data-e-type=\"widget\" data-widget_type=\"hub_fancy_heading.default\">\n\t\t\t\t<div class=\"elementor-widget-container\">\n\t\t\t\t\t\n\t\t<div id=\"ld-fancy-heading-69e32a90b1214\" class=\"ld-fancy-heading pos-rel\">\n\t\t\t<h6 class=\"ld-fh-element d-inline-block pos-rel  elementor-heading-title lqd-highlight-classic lqd-highlight-grow-left h6\"  > Vous avez des questions ?<\/h6>\t\t<\/div>\n\n\t\t\t\t\t\t<\/div>\n\t\t\t\t<\/div>\n\t\t\t\t<div class=\"elementor-element elementor-element-2149a71 elementor-widget elementor-widget-hub_fancy_heading\" data-id=\"2149a71\" data-element_type=\"widget\" data-e-type=\"widget\" data-widget_type=\"hub_fancy_heading.default\">\n\t\t\t\t<div class=\"elementor-widget-container\">\n\t\t\t\t\t\n\t\t<div id=\"ld-fancy-heading-69e32a90b1ad1\" class=\"ld-fancy-heading pos-rel\">\n\t\t\t<h1 class=\"ld-fh-element d-inline-block pos-rel  elementor-heading-title lqd-highlight-classic lqd-highlight-grow-left h1\"  > FAQ<\/h1>\t\t<\/div>\n\n\t\t\t\t\t\t<\/div>\n\t\t\t\t<\/div>\n\t\t\t\t\t<\/div>\n\t\t<\/div>\n\t\t\t\t<div class=\"elementor-column elementor-col-50 elementor-top-column elementor-element elementor-element-96e3104\" data-id=\"96e3104\" data-element_type=\"column\" data-e-type=\"column\">\n\t\t\t<div class=\"elementor-widget-wrap\">\n\t\t\t\t\t\t\t<\/div>\n\t\t<\/div>\n\t\t\t\t\t<\/div>\n\t\t<\/section>\n\t\t\t\t<section class=\"elementor-section elementor-top-section elementor-element elementor-element-463223c4 elementor-section-boxed elementor-section-height-default elementor-section-height-default\" data-id=\"463223c4\" data-element_type=\"section\" data-e-type=\"section\">\n\t\t\t\t\t\t<div class=\"elementor-container elementor-column-gap-default\">\n\t\t\t\t\t<div data-custom-animations=\"true\" data-ca-options=\"{&quot;addChildTimelines&quot;:false,&quot;animationTarget&quot;:&quot;:scope &gt; .elementor-widget-wrap &gt; .elementor-element &gt; .elementor-widget-container, :scope &gt; .elementor-widget-wrap &gt; .elementor-section &gt; .elementor-container &gt; .elementor-column &gt; .elementor-widget-wrap &gt; .elementor-element:not(.lqd-el-has-inner-anim) &gt; .elementor-widget-container, :scope &gt; .elementor-widget-wrap &gt; .elementor-widget-hub_fancy_heading .lqd-split-lines .lqd-lines .split-inner, :scope &gt; .elementor-widget-wrap &gt; .elementor-widget-hub_fancy_heading .lqd-split-words .lqd-words .split-inner, :scope &gt; .elementor-widget-wrap &gt; .elementor-widget-hub_fancy_heading .lqd-split-chars .lqd-chars .split-inner, :scope &gt; .elementor-widget-wrap &gt; .elementor-widget-ld_custom_menu .lqd-fancy-menu &gt; ul &gt; li&quot;,&quot;delay&quot;:180,&quot;ease&quot;:&quot;circ.out&quot;,&quot;initValues&quot;:{&quot;x&quot;:&quot;-50px&quot;,&quot;y&quot;:&quot;20px&quot;,&quot;scaleX&quot;:1.1,&quot;scaleY&quot;:1.1,&quot;opacity&quot;:0},&quot;animations&quot;:{&quot;x&quot;:&quot;0px&quot;,&quot;y&quot;:&quot;0px&quot;,&quot;scaleX&quot;:1,&quot;scaleY&quot;:1,&quot;opacity&quot;:1}}\" class=\"elementor-column elementor-col-100 elementor-top-column elementor-element elementor-element-7f63bde9\" data-id=\"7f63bde9\" data-element_type=\"column\" data-e-type=\"column\">\n\t\t\t<div class=\"elementor-widget-wrap elementor-element-populated\">\n\t\t\t\t\t\t<section class=\"elementor-section elementor-inner-section elementor-element elementor-element-54f76da9 elementor-section-boxed elementor-section-height-default elementor-section-height-default\" data-id=\"54f76da9\" data-element_type=\"section\" data-e-type=\"section\">\n\t\t\t\t\t\t<div class=\"elementor-container elementor-column-gap-no\">\n\t\t\t\t\t<div class=\"elementor-column elementor-col-50 elementor-inner-column elementor-element elementor-element-68de016\" data-id=\"68de016\" data-element_type=\"column\" data-e-type=\"column\">\n\t\t\t<div class=\"elementor-widget-wrap elementor-element-populated\">\n\t\t\t\t\t\t<div class=\"elementor-element elementor-element-4b17d198 elementor-widget__width-auto elementor-widget elementor-widget-hub_fancy_heading\" data-id=\"4b17d198\" data-element_type=\"widget\" data-e-type=\"widget\" data-widget_type=\"hub_fancy_heading.default\">\n\t\t\t\t<div class=\"elementor-widget-container\">\n\t\t\t\t\t\n\t\t<div id=\"ld-fancy-heading-69e32a90b226d\" class=\"ld-fancy-heading pos-rel\">\n\t\t\t<h3 class=\"ld-fh-element d-inline-block pos-rel  elementor-heading-title lqd-highlight-classic lqd-highlight-grow-left h3\"  > 1<\/h3>\t\t<\/div>\n\n\t\t\t\t\t\t<\/div>\n\t\t\t\t<\/div>\n\t\t\t\t\t<\/div>\n\t\t<\/div>\n\t\t\t\t<div class=\"elementor-column elementor-col-50 elementor-inner-column elementor-element elementor-element-308e1a98\" data-id=\"308e1a98\" data-element_type=\"column\" data-e-type=\"column\">\n\t\t\t<div class=\"elementor-widget-wrap elementor-element-populated\">\n\t\t\t\t\t\t<div class=\"elementor-element elementor-element-48462d75 elementor-widget-divider--view-line elementor-widget elementor-widget-divider\" data-id=\"48462d75\" data-element_type=\"widget\" data-e-type=\"widget\" data-widget_type=\"divider.default\">\n\t\t\t\t<div class=\"elementor-widget-container\">\n\t\t\t\t\t\t\t<div class=\"elementor-divider\">\n\t\t\t<span class=\"elementor-divider-separator\">\n\t\t\t\t\t\t<\/span>\n\t\t<\/div>\n\t\t\t\t\t\t<\/div>\n\t\t\t\t<\/div>\n\t\t\t\t\t<\/div>\n\t\t<\/div>\n\t\t\t\t\t<\/div>\n\t\t<\/section>\n\t\t\t\t<section class=\"elementor-section elementor-inner-section elementor-element elementor-element-2e23e6df elementor-section-boxed elementor-section-height-default elementor-section-height-default\" data-id=\"2e23e6df\" data-element_type=\"section\" data-e-type=\"section\">\n\t\t\t\t\t\t<div class=\"elementor-container elementor-column-gap-no\">\n\t\t\t\t\t<div class=\"elementor-column elementor-col-50 elementor-inner-column elementor-element elementor-element-2856d067\" data-id=\"2856d067\" data-element_type=\"column\" data-e-type=\"column\">\n\t\t\t<div class=\"elementor-widget-wrap elementor-element-populated\">\n\t\t\t\t\t\t<div class=\"elementor-element elementor-element-7fbd3266 elementor-widget__width-initial elementor-widget elementor-widget-hub_fancy_heading\" data-id=\"7fbd3266\" data-element_type=\"widget\" data-e-type=\"widget\" data-widget_type=\"hub_fancy_heading.default\">\n\t\t\t\t<div class=\"elementor-widget-container\">\n\t\t\t\t\t\n\t\t<div id=\"ld-fancy-heading-69e32a90b29f2\" class=\"ld-fancy-heading pos-rel\">\n\t\t\t<h2 class=\"ld-fh-element d-inline-block pos-rel  elementor-heading-title lqd-highlight-classic lqd-highlight-grow-left h2\"  > Voici les r\u00e9ponses aux questions les plus fr\u00e9quemment pos\u00e9es...<\/h2>\t\t<\/div>\n\n\t\t\t\t\t\t<\/div>\n\t\t\t\t<\/div>\n\t\t\t\t\t<\/div>\n\t\t<\/div>\n\t\t\t\t<div class=\"elementor-column elementor-col-50 elementor-inner-column elementor-element elementor-element-36fe56b\" data-id=\"36fe56b\" data-element_type=\"column\" data-e-type=\"column\">\n\t\t\t<div class=\"elementor-widget-wrap elementor-element-populated\">\n\t\t\t\t\t\t<div class=\"elementor-element elementor-element-66d3ddd3 elementor-widget elementor-widget-ld_accordion\" data-id=\"66d3ddd3\" data-element_type=\"widget\" data-e-type=\"widget\" data-widget_type=\"ld_accordion.default\">\n\t\t\t\t<div class=\"elementor-widget-container\">\n\t\t\t\t\t\n\t\t<div class=\"accordion accordion-md\" id=\"accordion-69e32a90b3ace\" role=\"tablist\" aria-multiselectable=\"true\">\n\t\t\t\t\t\t\t\t\t\t\t\t<div class=\"accordion-item panel  active\">\n\t\t\t\t\n\t\t\t\t<div class=\"accordion-heading\" role=\"tab\" id=\"heading-1721\">\n\t\t\t\t<h4 class=\"accordion-title\">\n\t\t\t\t\t<a class=\"\" role=\"button\" data-toggle=\"collapse\" \n\t\t\t\t\tdata-parent=\"#accordion-69e32a90b3ace\" href=\"#collapse-1721\" \n\t\t\t\t\taria-expanded=\"true\" aria-controls=\"collapse-1721\">\n\t\t\t\t\t\t\t\t\t\t\t\t<span class=\"accordion-title-txt\">Comment savoir quel style je veux ?<\/span>\n\t\t\t\t\t\t\t\t\t\t\t\t\t<span class=\"accordion-expander\"><i class=\"lqd-icn-ess icon-ion-ios-add\"><\/i><i class=\"lqd-icn-ess icon-ion-ios-remove\"><\/i><\/span>\t\t\t\t\t\t\t\t\t\t\t<\/a>\n\t\t\t\t<\/h4>\n\t\t\t\t<\/div>\n\t\t\t\t\n\t\t\t\t<div id=\"collapse-1721\" class=\"accordion-collapse collapse  in\" role=\"tabpanel\" aria-labelledby=\"heading-1721\">\n\n\t\t\t\t<div class=\"accordion-content\">\n\t\t\t\t\t<p><span class=\"OYPEnA text-decoration-none text-strikethrough-none\">R\u00e9ponse courte : vous n'avez pas besoin de le faire ! En remplissant le questionnaire et en nous envoyant des photos d'inspiration, nous d\u00e9terminerons votre style. Nous ne croyons pas en un mod\u00e8le unique. Un m\u00e9lange d'\u00e9l\u00e9ments qui suscitent les sentiments que vous souhaitez ressentir lorsque vous entrez dans votre espace, c'est VOTRE style.<\/span><\/p>\t\t\t\t<\/div>\n\t\t\t\t\t\t\n\t\t\t\t<\/div>\n\t\t\t\t\n\t\t\t<\/div>\n\t\t\t\t\t\t\t\t\t<div class=\"accordion-item panel \">\n\t\t\t\t\n\t\t\t\t<div class=\"accordion-heading\" role=\"tab\" id=\"heading-1722\">\n\t\t\t\t<h4 class=\"accordion-title\">\n\t\t\t\t\t<a class=\"collapsed\" role=\"button\" data-toggle=\"collapse\" \n\t\t\t\t\tdata-parent=\"#accordion-69e32a90b3ace\" href=\"#collapse-1722\" \n\t\t\t\t\taria-expanded=\"false\" aria-controls=\"collapse-1722\">\n\t\t\t\t\t\t\t\t\t\t\t\t<span class=\"accordion-title-txt\">O\u00f9 puis-je trouver des photos d&#039;inspiration ?<\/span>\n\t\t\t\t\t\t\t\t\t\t\t\t\t<span class=\"accordion-expander\"><i class=\"lqd-icn-ess icon-ion-ios-add\"><\/i><i class=\"lqd-icn-ess icon-ion-ios-remove\"><\/i><\/span>\t\t\t\t\t\t\t\t\t\t\t<\/a>\n\t\t\t\t<\/h4>\n\t\t\t\t<\/div>\n\t\t\t\t\n\t\t\t\t<div id=\"collapse-1722\" class=\"accordion-collapse collapse \" role=\"tabpanel\" aria-labelledby=\"heading-1722\">\n\n\t\t\t\t<div class=\"accordion-content\">\n\t\t\t\t\t<p><span class=\"OYPEnA text-decoration-none text-strikethrough-none\">Les sites web et applications les plus r\u00e9f\u00e9renc\u00e9s sont Pinterest et Houzz. Sur ces deux plateformes, vous pouvez cr\u00e9er des tableaux que vous pouvez partager avec nous.<\/span><\/p>\t\t\t\t<\/div>\n\t\t\t\t\t\t\n\t\t\t\t<\/div>\n\t\t\t\t\n\t\t\t<\/div>\n\t\t\t\t\t\t\t\t\t<div class=\"accordion-item panel \">\n\t\t\t\t\n\t\t\t\t<div class=\"accordion-heading\" role=\"tab\" id=\"heading-1723\">\n\t\t\t\t<h4 class=\"accordion-title\">\n\t\t\t\t\t<a class=\"collapsed\" role=\"button\" data-toggle=\"collapse\" \n\t\t\t\t\tdata-parent=\"#accordion-69e32a90b3ace\" href=\"#collapse-1723\" \n\t\t\t\t\taria-expanded=\"false\" aria-controls=\"collapse-1723\">\n\t\t\t\t\t\t\t\t\t\t\t\t<span class=\"accordion-title-txt\">Ma r\u00e9novation sera-t-elle d\u00e9mod\u00e9e ?<\/span>\n\t\t\t\t\t\t\t\t\t\t\t\t\t<span class=\"accordion-expander\"><i class=\"lqd-icn-ess icon-ion-ios-add\"><\/i><i class=\"lqd-icn-ess icon-ion-ios-remove\"><\/i><\/span>\t\t\t\t\t\t\t\t\t\t\t<\/a>\n\t\t\t\t<\/h4>\n\t\t\t\t<\/div>\n\t\t\t\t\n\t\t\t\t<div id=\"collapse-1723\" class=\"accordion-collapse collapse \" role=\"tabpanel\" aria-labelledby=\"heading-1723\">\n\n\t\t\t\t<div class=\"accordion-content\">\n\t\t\t\t\t<p><span class=\"OYPEnA text-decoration-none text-strikethrough-none\">Nous croyons en une esth\u00e9tique intemporelle qui soit \u00e0 la fois fonctionnelle et esth\u00e9tique. Nous vous guiderons vers les choix que vous aimerez longtemps.<\/span><\/p>\t\t\t\t<\/div>\n\t\t\t\t\t\t\n\t\t\t\t<\/div>\n\t\t\t\t\n\t\t\t<\/div>\n\t\t\t\t\t\t\t\t\t<div class=\"accordion-item panel \">\n\t\t\t\t\n\t\t\t\t<div class=\"accordion-heading\" role=\"tab\" id=\"heading-1724\">\n\t\t\t\t<h4 class=\"accordion-title\">\n\t\t\t\t\t<a class=\"collapsed\" role=\"button\" data-toggle=\"collapse\" \n\t\t\t\t\tdata-parent=\"#accordion-69e32a90b3ace\" href=\"#collapse-1724\" \n\t\t\t\t\taria-expanded=\"false\" aria-controls=\"collapse-1724\">\n\t\t\t\t\t\t\t\t\t\t\t\t<span class=\"accordion-title-txt\">Comment fonctionne l&#039;achat ?<\/span>\n\t\t\t\t\t\t\t\t\t\t\t\t\t<span class=\"accordion-expander\"><i class=\"lqd-icn-ess icon-ion-ios-add\"><\/i><i class=\"lqd-icn-ess icon-ion-ios-remove\"><\/i><\/span>\t\t\t\t\t\t\t\t\t\t\t<\/a>\n\t\t\t\t<\/h4>\n\t\t\t\t<\/div>\n\t\t\t\t\n\t\t\t\t<div id=\"collapse-1724\" class=\"accordion-collapse collapse \" role=\"tabpanel\" aria-labelledby=\"heading-1724\">\n\n\t\t\t\t<div class=\"accordion-content\">\n\t\t\t\t\t<p><span class=\"OYPEnA text-decoration-none text-strikethrough-none\">Nous aimons recommander \u00e0 nos clients les fournisseurs et les repr\u00e9sentants avec lesquels nous travaillons depuis de nombreuses ann\u00e9es. Nous avons \u00e9tabli d'excellentes relations et nous savons qu'ils auront \u00e0 c\u0153ur de servir au mieux les int\u00e9r\u00eats de nos clients. Nous encourageons \u00e9galement l'achat par l'interm\u00e9diaire de ces professionnels afin d'avoir acc\u00e8s aux promotions, aux d\u00e9lais de livraison et aux retards, ainsi qu'\u00e0 la facilit\u00e9 de retour.<\/span><\/p>\t\t\t\t<\/div>\n\t\t\t\t\t\t\n\t\t\t\t<\/div>\n\t\t\t\t\n\t\t\t<\/div>\n\t\t\t\t\t\t\n\t\t<\/div>\n\n\t\t\t\t\t\t<\/div>\n\t\t\t\t<\/div>\n\t\t\t\t\t<\/div>\n\t\t<\/div>\n\t\t\t\t\t<\/div>\n\t\t<\/section>\n\t\t\t\t\t<\/div>\n\t\t<\/div>\n\t\t\t\t\t<\/div>\n\t\t<\/section>\n\t\t\t\t<\/div>\n\t\t","protected":false},"excerpt":{"rendered":"<p>Vous avez des questions ? FAQ 1 Voici les r\u00e9ponses aux questions les plus fr\u00e9quemment pos\u00e9es&#8230; Comment savoir quel style je veux ? R\u00e9ponse courte : vous n&#8217;avez pas besoin de le faire ! En remplissant le questionnaire et en nous envoyant des photos d&#8217;inspiration, nous d\u00e9terminerons votre style. Nous ne croyons pas en un [&hellip;]<\/p>\n","protected":false},"author":1,"featured_media":0,"parent":0,"menu_order":0,"comment_status":"closed","ping_status":"closed","template":"","meta":{"footnotes":""},"class_list":["post-10918","page","type-page","status-publish","hentry"],"yoast_head":"<!-- This site is optimized with the Yoast SEO plugin v27.4 - https:\/\/yoast.com\/product\/yoast-seo-wordpress\/ -->\n<title>FAQ - Maison Samantha Vince<\/title>\n<meta name=\"robots\" content=\"index, follow, max-snippet:-1, max-image-preview:large, max-video-preview:-1\" \/>\n<link rel=\"canonical\" href=\"https:\/\/maisonsamanthavince.com\/fr\/faq\/\" \/>\n<meta property=\"og:locale\" content=\"fr_FR\" \/>\n<meta property=\"og:type\" content=\"article\" \/>\n<meta property=\"og:title\" content=\"FAQ - Maison Samantha Vince\" \/>\n<meta property=\"og:description\" content=\"Vous avez des questions ? FAQ 1 Voici les r\u00e9ponses aux questions les plus fr\u00e9quemment pos\u00e9es&#8230; Comment savoir quel style je veux ? R\u00e9ponse courte : vous n&#8217;avez pas besoin de le faire ! En remplissant le questionnaire et en nous envoyant des photos d&#8217;inspiration, nous d\u00e9terminerons votre style. Nous ne croyons pas en un [&hellip;]\" \/>\n<meta property=\"og:url\" content=\"https:\/\/maisonsamanthavince.com\/fr\/faq\/\" \/>\n<meta property=\"og:site_name\" content=\"Maison Samantha Vince\" \/>\n<meta property=\"article:modified_time\" content=\"2025-01-22T01:27:12+00:00\" \/>\n<meta name=\"twitter:card\" content=\"summary_large_image\" \/>\n<meta name=\"twitter:label1\" content=\"Dur\u00e9e de lecture estim\u00e9e\" \/>\n\t<meta name=\"twitter:data1\" content=\"1 minute\" \/>\n<script type=\"application\/ld+json\" class=\"yoast-schema-graph\">{\"@context\":\"https:\\\/\\\/schema.org\",\"@graph\":[{\"@type\":\"WebPage\",\"@id\":\"https:\\\/\\\/maisonsamanthavince.com\\\/fr\\\/faq\\\/\",\"url\":\"https:\\\/\\\/maisonsamanthavince.com\\\/fr\\\/faq\\\/\",\"name\":\"FAQ - Maison Samantha Vince\",\"isPartOf\":{\"@id\":\"https:\\\/\\\/maisonsamanthavince.com\\\/fr\\\/#website\"},\"datePublished\":\"2023-11-02T18:35:51+00:00\",\"dateModified\":\"2025-01-22T01:27:12+00:00\",\"breadcrumb\":{\"@id\":\"https:\\\/\\\/maisonsamanthavince.com\\\/fr\\\/faq\\\/#breadcrumb\"},\"inLanguage\":\"fr-FR\",\"potentialAction\":[{\"@type\":\"ReadAction\",\"target\":[\"https:\\\/\\\/maisonsamanthavince.com\\\/fr\\\/faq\\\/\"]}]},{\"@type\":\"BreadcrumbList\",\"@id\":\"https:\\\/\\\/maisonsamanthavince.com\\\/fr\\\/faq\\\/#breadcrumb\",\"itemListElement\":[{\"@type\":\"ListItem\",\"position\":1,\"name\":\"Home\",\"item\":\"https:\\\/\\\/maisonsamanthavince.com\\\/fr\\\/\"},{\"@type\":\"ListItem\",\"position\":2,\"name\":\"FAQ\"}]},{\"@type\":\"WebSite\",\"@id\":\"https:\\\/\\\/maisonsamanthavince.com\\\/fr\\\/#website\",\"url\":\"https:\\\/\\\/maisonsamanthavince.com\\\/fr\\\/\",\"name\":\"Maison Samantha Vince\",\"description\":\"\",\"potentialAction\":[{\"@type\":\"SearchAction\",\"target\":{\"@type\":\"EntryPoint\",\"urlTemplate\":\"https:\\\/\\\/maisonsamanthavince.com\\\/fr\\\/?s={search_term_string}\"},\"query-input\":{\"@type\":\"PropertyValueSpecification\",\"valueRequired\":true,\"valueName\":\"search_term_string\"}}],\"inLanguage\":\"fr-FR\"}]}<\/script>\n<!-- \/ Yoast SEO plugin. -->","yoast_head_json":{"title":"FAQ - Maison Samantha Vince","robots":{"index":"index","follow":"follow","max-snippet":"max-snippet:-1","max-image-preview":"max-image-preview:large","max-video-preview":"max-video-preview:-1"},"canonical":"https:\/\/maisonsamanthavince.com\/fr\/faq\/","og_locale":"fr_FR","og_type":"article","og_title":"FAQ - Maison Samantha Vince","og_description":"Vous avez des questions ? FAQ 1 Voici les r\u00e9ponses aux questions les plus fr\u00e9quemment pos\u00e9es&#8230; Comment savoir quel style je veux ? R\u00e9ponse courte : vous n&#8217;avez pas besoin de le faire ! En remplissant le questionnaire et en nous envoyant des photos d&#8217;inspiration, nous d\u00e9terminerons votre style. Nous ne croyons pas en un [&hellip;]","og_url":"https:\/\/maisonsamanthavince.com\/fr\/faq\/","og_site_name":"Maison Samantha Vince","article_modified_time":"2025-01-22T01:27:12+00:00","twitter_card":"summary_large_image","twitter_misc":{"Dur\u00e9e de lecture estim\u00e9e":"1 minute"},"schema":{"@context":"https:\/\/schema.org","@graph":[{"@type":"WebPage","@id":"https:\/\/maisonsamanthavince.com\/fr\/faq\/","url":"https:\/\/maisonsamanthavince.com\/fr\/faq\/","name":"FAQ - Maison Samantha Vince","isPartOf":{"@id":"https:\/\/maisonsamanthavince.com\/fr\/#website"},"datePublished":"2023-11-02T18:35:51+00:00","dateModified":"2025-01-22T01:27:12+00:00","breadcrumb":{"@id":"https:\/\/maisonsamanthavince.com\/fr\/faq\/#breadcrumb"},"inLanguage":"fr-FR","potentialAction":[{"@type":"ReadAction","target":["https:\/\/maisonsamanthavince.com\/fr\/faq\/"]}]},{"@type":"BreadcrumbList","@id":"https:\/\/maisonsamanthavince.com\/fr\/faq\/#breadcrumb","itemListElement":[{"@type":"ListItem","position":1,"name":"Home","item":"https:\/\/maisonsamanthavince.com\/fr\/"},{"@type":"ListItem","position":2,"name":"FAQ"}]},{"@type":"WebSite","@id":"https:\/\/maisonsamanthavince.com\/fr\/#website","url":"https:\/\/maisonsamanthavince.com\/fr\/","name":"Maison Samantha Vince","description":"","potentialAction":[{"@type":"SearchAction","target":{"@type":"EntryPoint","urlTemplate":"https:\/\/maisonsamanthavince.com\/fr\/?s={search_term_string}"},"query-input":{"@type":"PropertyValueSpecification","valueRequired":true,"valueName":"search_term_string"}}],"inLanguage":"fr-FR"}]}},"_links":{"self":[{"href":"https:\/\/maisonsamanthavince.com\/fr\/wp-json\/wp\/v2\/pages\/10918","targetHints":{"allow":["GET"]}}],"collection":[{"href":"https:\/\/maisonsamanthavince.com\/fr\/wp-json\/wp\/v2\/pages"}],"about":[{"href":"https:\/\/maisonsamanthavince.com\/fr\/wp-json\/wp\/v2\/types\/page"}],"author":[{"embeddable":true,"href":"https:\/\/maisonsamanthavince.com\/fr\/wp-json\/wp\/v2\/users\/1"}],"replies":[{"embeddable":true,"href":"https:\/\/maisonsamanthavince.com\/fr\/wp-json\/wp\/v2\/comments?post=10918"}],"version-history":[{"count":2,"href":"https:\/\/maisonsamanthavince.com\/fr\/wp-json\/wp\/v2\/pages\/10918\/revisions"}],"predecessor-version":[{"id":10923,"href":"https:\/\/maisonsamanthavince.com\/fr\/wp-json\/wp\/v2\/pages\/10918\/revisions\/10923"}],"wp:attachment":[{"href":"https:\/\/maisonsamanthavince.com\/fr\/wp-json\/wp\/v2\/media?parent=10918"}],"curies":[{"name":"wp","href":"https:\/\/api.w.org\/{rel}","templated":true}]}}